{"id":231,"date":"2023-07-02T02:17:38","date_gmt":"2023-07-02T02:17:38","guid":{"rendered":"https:\/\/kasaloka.com\/?page_id=231"},"modified":"2026-03-24T17:55:30","modified_gmt":"2026-03-24T17:55:30","slug":"series","status":"publish","type":"page","link":"https:\/\/kasaloka.com\/index.php\/series\/","title":{"rendered":"Series"},"content":{"rendered":"\t\t<div data-elementor-type=\"wp-page\" data-elementor-id=\"231\" class=\"elementor elementor-231\">\n\t\t\t\t\t\t\t\t\t<section class=\"elementor-section elementor-top-section elementor-element elementor-element-848fee0 elementor-section-boxed elementor-section-height-default elementor-section-height-default\" data-id=\"848fee0\" data-element_type=\"section\">\n\t\t\t\t\t\t<div class=\"elementor-container elementor-column-gap-default\">\n\t\t\t\t\t<div class=\"elementor-column elementor-col-100 elementor-top-column elementor-element elementor-element-719b85c\" data-id=\"719b85c\" data-element_type=\"column\">\n\t\t\t<div class=\"elementor-widget-wrap elementor-element-populated\">\n\t\t\t\t\t\t\t\t<div class=\"elementor-element elementor-element-38ee040 elementor-widget-divider--view-line elementor-widget elementor-widget-divider\" data-id=\"38ee040\" data-element_type=\"widget\" data-widget_type=\"divider.default\">\n\t\t\t\t<div class=\"elementor-widget-container\">\n\t\t\t<style>\/*! elementor - v3.14.0 - 26-06-2023 *\/\n.elementor-widget-divider{--divider-border-style:none;--divider-border-width:1px;--divider-color:#0c0d0e;--divider-icon-size:20px;--divider-element-spacing:10px;--divider-pattern-height:24px;--divider-pattern-size:20px;--divider-pattern-url:none;--divider-pattern-repeat:repeat-x}.elementor-widget-divider .elementor-divider{display:flex}.elementor-widget-divider .elementor-divider__text{font-size:15px;line-height:1;max-width:95%}.elementor-widget-divider .elementor-divider__element{margin:0 var(--divider-element-spacing);flex-shrink:0}.elementor-widget-divider .elementor-icon{font-size:var(--divider-icon-size)}.elementor-widget-divider .elementor-divider-separator{display:flex;margin:0;direction:ltr}.elementor-widget-divider--view-line_icon .elementor-divider-separator,.elementor-widget-divider--view-line_text .elementor-divider-separator{align-items:center}.elementor-widget-divider--view-line_icon .elementor-divider-separator:after,.elementor-widget-divider--view-line_icon .elementor-divider-separator:before,.elementor-widget-divider--view-line_text .elementor-divider-separator:after,.elementor-widget-divider--view-line_text .elementor-divider-separator:before{display:block;content:\"\";border-bottom:0;flex-grow:1;border-top:var(--divider-border-width) var(--divider-border-style) var(--divider-color)}.elementor-widget-divider--element-align-left .elementor-divider .elementor-divider-separator>.elementor-divider__svg:first-of-type{flex-grow:0;flex-shrink:100}.elementor-widget-divider--element-align-left .elementor-divider-separator:before{content:none}.elementor-widget-divider--element-align-left .elementor-divider__element{margin-left:0}.elementor-widget-divider--element-align-right .elementor-divider .elementor-divider-separator>.elementor-divider__svg:last-of-type{flex-grow:0;flex-shrink:100}.elementor-widget-divider--element-align-right .elementor-divider-separator:after{content:none}.elementor-widget-divider--element-align-right .elementor-divider__element{margin-right:0}.elementor-widget-divider:not(.elementor-widget-divider--view-line_text):not(.elementor-widget-divider--view-line_icon) .elementor-divider-separator{border-top:var(--divider-border-width) var(--divider-border-style) var(--divider-color)}.elementor-widget-divider--separator-type-pattern{--divider-border-style:none}.elementor-widget-divider--separator-type-pattern.elementor-widget-divider--view-line .elementor-divider-separator,.elementor-widget-divider--separator-type-pattern:not(.elementor-widget-divider--view-line) .elementor-divider-separator:after,.elementor-widget-divider--separator-type-pattern:not(.elementor-widget-divider--view-line) .elementor-divider-separator:before,.elementor-widget-divider--separator-type-pattern:not([class*=elementor-widget-divider--view]) .elementor-divider-separator{width:100%;min-height:var(--divider-pattern-height);-webkit-mask-size:var(--divider-pattern-size) 100%;mask-size:var(--divider-pattern-size) 100%;-webkit-mask-repeat:var(--divider-pattern-repeat);mask-repeat:var(--divider-pattern-repeat);background-color:var(--divider-color);-webkit-mask-image:var(--divider-pattern-url);mask-image:var(--divider-pattern-url)}.elementor-widget-divider--no-spacing{--divider-pattern-size:auto}.elementor-widget-divider--bg-round{--divider-pattern-repeat:round}.rtl .elementor-widget-divider .elementor-divider__text{direction:rtl}.e-con-inner>.elementor-widget-divider,.e-con>.elementor-widget-divider{width:var(--container-widget-width,100%);--flex-grow:var(--container-widget-flex-grow)}<\/style>\t\t<div class=\"elementor-divider\">\n\t\t\t<span class=\"elementor-divider-separator\">\n\t\t\t\t\t\t<\/span>\n\t\t<\/div>\n\t\t\t\t<\/div>\n\t\t\t\t<\/div>\n\t\t\t\t\t<\/div>\n\t\t<\/div>\n\t\t\t\t\t\t\t<\/div>\n\t\t<\/section>\n\t\t\t\t<section class=\"elementor-section elementor-top-section elementor-element elementor-element-8728fb7 elementor-section-boxed elementor-section-height-default elementor-section-height-default\" data-id=\"8728fb7\" data-element_type=\"section\">\n\t\t\t\t\t\t<div class=\"elementor-container elementor-column-gap-default\">\n\t\t\t\t\t<div class=\"elementor-column elementor-col-50 elementor-top-column elementor-element elementor-element-2188351\" data-id=\"2188351\" data-element_type=\"column\">\n\t\t\t<div class=\"elementor-widget-wrap elementor-element-populated\">\n\t\t\t\t\t\t\t\t<div class=\"elementor-element elementor-element-473ea3f elementor-widget__width-initial elementor-position-top elementor-vertical-align-top elementor-widget elementor-widget-image-box\" data-id=\"473ea3f\" data-element_type=\"widget\" data-widget_type=\"image-box.default\">\n\t\t\t\t<div class=\"elementor-widget-container\">\n\t\t\t<style>\/*! elementor - v3.14.0 - 26-06-2023 *\/\n.elementor-widget-image-box .elementor-image-box-content{width:100%}@media (min-width:768px){.elementor-widget-image-box.elementor-position-left .elementor-image-box-wrapper,.elementor-widget-image-box.elementor-position-right .elementor-image-box-wrapper{display:flex}.elementor-widget-image-box.elementor-position-right .elementor-image-box-wrapper{text-align:right;flex-direction:row-reverse}.elementor-widget-image-box.elementor-position-left .elementor-image-box-wrapper{text-align:left;flex-direction:row}.elementor-widget-image-box.elementor-position-top .elementor-image-box-img{margin:auto}.elementor-widget-image-box.elementor-vertical-align-top .elementor-image-box-wrapper{align-items:flex-start}.elementor-widget-image-box.elementor-vertical-align-middle .elementor-image-box-wrapper{align-items:center}.elementor-widget-image-box.elementor-vertical-align-bottom .elementor-image-box-wrapper{align-items:flex-end}}@media (max-width:767px){.elementor-widget-image-box .elementor-image-box-img{margin-left:auto!important;margin-right:auto!important;margin-bottom:15px}}.elementor-widget-image-box .elementor-image-box-img{display:inline-block}.elementor-widget-image-box .elementor-image-box-title a{color:inherit}.elementor-widget-image-box .elementor-image-box-wrapper{text-align:center}.elementor-widget-image-box .elementor-image-box-description{margin:0}<\/style><div class=\"elementor-image-box-wrapper\"><figure class=\"elementor-image-box-img\"><a href=\"https:\/\/kasaloka.com\/index.php\/serie-nslqte\/\"><img loading=\"lazy\" decoding=\"async\" width=\"1920\" height=\"1293\" src=\"https:\/\/kasaloka.com\/wp-content\/uploads\/2023\/09\/007_Valparaiso_Chile_2002_LFL.jpg\" class=\"elementor-animation-rotate attachment-full size-full wp-image-852\" alt=\"\" srcset=\"https:\/\/kasaloka.com\/wp-content\/uploads\/2023\/09\/007_Valparaiso_Chile_2002_LFL.jpg 1920w, https:\/\/kasaloka.com\/wp-content\/uploads\/2023\/09\/007_Valparaiso_Chile_2002_LFL-300x202.jpg 300w, https:\/\/kasaloka.com\/wp-content\/uploads\/2023\/09\/007_Valparaiso_Chile_2002_LFL-1024x690.jpg 1024w, https:\/\/kasaloka.com\/wp-content\/uploads\/2023\/09\/007_Valparaiso_Chile_2002_LFL-768x517.jpg 768w, https:\/\/kasaloka.com\/wp-content\/uploads\/2023\/09\/007_Valparaiso_Chile_2002_LFL-1536x1034.jpg 1536w\" sizes=\"auto, (max-width: 1920px) 100vw, 1920px\" \/><\/a><\/figure><div class=\"elementor-image-box-content\"><h3 class=\"elementor-image-box-title\"><a href=\"https:\/\/kasaloka.com\/index.php\/serie-nslqte\/\">No somos lo que te esperas<\/a><\/h3><p class=\"elementor-image-box-description\">Entre&nbsp;casas okupadas, centros sociales y actividades en el espacio p\u00fablico, la serie narra la vida cotidiana, pol\u00edtica y colectiva, de comunidades punks en distintas ciudades de Latinoam\u00e9rica y Europa.<\/p><\/div><\/div>\t\t<\/div>\n\t\t\t\t<\/div>\n\t\t\t\t<div class=\"elementor-element elementor-element-3c1e5ae elementor-widget-divider--view-line elementor-widget elementor-widget-divider\" data-id=\"3c1e5ae\" data-element_type=\"widget\" data-widget_type=\"divider.default\">\n\t\t\t\t<div class=\"elementor-widget-container\">\n\t\t\t\t\t<div class=\"elementor-divider\">\n\t\t\t<span class=\"elementor-divider-separator\">\n\t\t\t\t\t\t<\/span>\n\t\t<\/div>\n\t\t\t\t<\/div>\n\t\t\t\t<\/div>\n\t\t\t\t\t<\/div>\n\t\t<\/div>\n\t\t\t\t<div class=\"elementor-column elementor-col-50 elementor-top-column elementor-element elementor-element-42f5196\" data-id=\"42f5196\" data-element_type=\"column\">\n\t\t\t<div class=\"elementor-widget-wrap elementor-element-populated\">\n\t\t\t\t\t\t\t\t<div class=\"elementor-element elementor-element-d5b9a48 elementor-widget__width-initial elementor-position-top elementor-vertical-align-top elementor-widget elementor-widget-image-box\" data-id=\"d5b9a48\" data-element_type=\"widget\" data-widget_type=\"image-box.default\">\n\t\t\t\t<div class=\"elementor-widget-container\">\n\t\t\t<div class=\"elementor-image-box-wrapper\"><figure class=\"elementor-image-box-img\"><a href=\"https:\/\/kasaloka.com\/index.php\/okupa\/\"><img loading=\"lazy\" decoding=\"async\" width=\"1181\" height=\"759\" src=\"https:\/\/kasaloka.com\/wp-content\/uploads\/2023\/09\/0005_cso_elgalpon_Argentina_GeneralRodriguez_2001_LR-2.jpg\" class=\"elementor-animation-rotate attachment-full size-full wp-image-897\" alt=\"\" srcset=\"https:\/\/kasaloka.com\/wp-content\/uploads\/2023\/09\/0005_cso_elgalpon_Argentina_GeneralRodriguez_2001_LR-2.jpg 1181w, https:\/\/kasaloka.com\/wp-content\/uploads\/2023\/09\/0005_cso_elgalpon_Argentina_GeneralRodriguez_2001_LR-2-300x193.jpg 300w, https:\/\/kasaloka.com\/wp-content\/uploads\/2023\/09\/0005_cso_elgalpon_Argentina_GeneralRodriguez_2001_LR-2-1024x658.jpg 1024w, https:\/\/kasaloka.com\/wp-content\/uploads\/2023\/09\/0005_cso_elgalpon_Argentina_GeneralRodriguez_2001_LR-2-768x494.jpg 768w\" sizes=\"auto, (max-width: 1181px) 100vw, 1181px\" \/><\/a><\/figure><div class=\"elementor-image-box-content\"><h3 class=\"elementor-image-box-title\"><a href=\"https:\/\/kasaloka.com\/index.php\/okupa\/\">Okupa y resiste<\/a><\/h3><p class=\"elementor-image-box-description\">Un registro de distintos espacios recuperados del abandono y la especulaci\u00f3n inmobiliaria, muchos de ellos convertidos en centros sociales con inserci\u00f3n barrial, que se organizaban de forma horizontal, en asambleas por consenso.<\/p><\/div><\/div>\t\t<\/div>\n\t\t\t\t<\/div>\n\t\t\t\t<div class=\"elementor-element elementor-element-efd647c elementor-widget__width-initial elementor-widget-divider--view-line elementor-widget elementor-widget-divider\" data-id=\"efd647c\" data-element_type=\"widget\" data-widget_type=\"divider.default\">\n\t\t\t\t<div class=\"elementor-widget-container\">\n\t\t\t\t\t<div class=\"elementor-divider\">\n\t\t\t<span class=\"elementor-divider-separator\">\n\t\t\t\t\t\t<\/span>\n\t\t<\/div>\n\t\t\t\t<\/div>\n\t\t\t\t<\/div>\n\t\t\t\t\t<\/div>\n\t\t<\/div>\n\t\t\t\t\t\t\t<\/div>\n\t\t<\/section>\n\t\t\t\t<section class=\"elementor-section elementor-top-section elementor-element elementor-element-1bb51cd elementor-section-boxed elementor-section-height-default elementor-section-height-default\" data-id=\"1bb51cd\" data-element_type=\"section\">\n\t\t\t\t\t\t<div class=\"elementor-container elementor-column-gap-default\">\n\t\t\t\t\t<div class=\"elementor-column elementor-col-50 elementor-top-column elementor-element elementor-element-09cd2f2\" data-id=\"09cd2f2\" data-element_type=\"column\">\n\t\t\t<div class=\"elementor-widget-wrap elementor-element-populated\">\n\t\t\t\t\t\t\t\t<div class=\"elementor-element elementor-element-105e5ed elementor-position-top elementor-vertical-align-top elementor-widget elementor-widget-image-box\" data-id=\"105e5ed\" data-element_type=\"widget\" data-widget_type=\"image-box.default\">\n\t\t\t\t<div class=\"elementor-widget-container\">\n\t\t\t<div class=\"elementor-image-box-wrapper\"><figure class=\"elementor-image-box-img\"><a href=\"https:\/\/kasaloka.com\/index.php\/manifestaciones\/\"><img loading=\"lazy\" decoding=\"async\" width=\"1920\" height=\"1280\" src=\"https:\/\/kasaloka.com\/wp-content\/uploads\/2023\/09\/0013_manifestacion_desalojo_okupacion_Espana_Barcelona_1999_PM.jpg\" class=\"elementor-animation-rotate attachment-full size-full wp-image-1008\" alt=\"\" srcset=\"https:\/\/kasaloka.com\/wp-content\/uploads\/2023\/09\/0013_manifestacion_desalojo_okupacion_Espana_Barcelona_1999_PM.jpg 1920w, https:\/\/kasaloka.com\/wp-content\/uploads\/2023\/09\/0013_manifestacion_desalojo_okupacion_Espana_Barcelona_1999_PM-300x200.jpg 300w, https:\/\/kasaloka.com\/wp-content\/uploads\/2023\/09\/0013_manifestacion_desalojo_okupacion_Espana_Barcelona_1999_PM-1024x683.jpg 1024w, https:\/\/kasaloka.com\/wp-content\/uploads\/2023\/09\/0013_manifestacion_desalojo_okupacion_Espana_Barcelona_1999_PM-768x512.jpg 768w, https:\/\/kasaloka.com\/wp-content\/uploads\/2023\/09\/0013_manifestacion_desalojo_okupacion_Espana_Barcelona_1999_PM-1536x1024.jpg 1536w\" sizes=\"auto, (max-width: 1920px) 100vw, 1920px\" \/><\/a><\/figure><div class=\"elementor-image-box-content\"><h3 class=\"elementor-image-box-title\"><a href=\"https:\/\/kasaloka.com\/index.php\/manifestaciones\/\">Siempre queda molestar<\/a><\/h3><p class=\"elementor-image-box-description\">Como expresi\u00f3n de un clima de \u00e9poca, estas fotograf\u00edas recuperan las manifestaciones, escraches, marchas y acciones organizadas por\u00a0individuxs\u00a0y\u00a0grupos en desacuerdo con el estado de las cosas.<\/p><\/div><\/div>\t\t<\/div>\n\t\t\t\t<\/div>\n\t\t\t\t<div class=\"elementor-element elementor-element-eb571f1 elementor-widget-divider--view-line elementor-widget elementor-widget-divider\" data-id=\"eb571f1\" data-element_type=\"widget\" data-widget_type=\"divider.default\">\n\t\t\t\t<div class=\"elementor-widget-container\">\n\t\t\t\t\t<div class=\"elementor-divider\">\n\t\t\t<span class=\"elementor-divider-separator\">\n\t\t\t\t\t\t<\/span>\n\t\t<\/div>\n\t\t\t\t<\/div>\n\t\t\t\t<\/div>\n\t\t\t\t\t<\/div>\n\t\t<\/div>\n\t\t\t\t<div class=\"elementor-column elementor-col-50 elementor-top-column elementor-element elementor-element-cb9bec3\" data-id=\"cb9bec3\" data-element_type=\"column\">\n\t\t\t<div class=\"elementor-widget-wrap elementor-element-populated\">\n\t\t\t\t\t\t\t\t<div class=\"elementor-element elementor-element-0511a3d elementor-position-top elementor-vertical-align-top elementor-widget elementor-widget-image-box\" data-id=\"0511a3d\" data-element_type=\"widget\" data-widget_type=\"image-box.default\">\n\t\t\t\t<div class=\"elementor-widget-container\">\n\t\t\t<div class=\"elementor-image-box-wrapper\"><figure class=\"elementor-image-box-img\"><a href=\"https:\/\/kasaloka.com\/index.php\/viaja\/\"><img loading=\"lazy\" decoding=\"async\" width=\"1920\" height=\"1257\" src=\"https:\/\/kasaloka.com\/wp-content\/uploads\/2023\/08\/005_Viaje_Uruguay_2001_VB-1.jpg\" class=\"elementor-animation-rotate attachment-full size-full wp-image-707\" alt=\"\" srcset=\"https:\/\/kasaloka.com\/wp-content\/uploads\/2023\/08\/005_Viaje_Uruguay_2001_VB-1.jpg 1920w, https:\/\/kasaloka.com\/wp-content\/uploads\/2023\/08\/005_Viaje_Uruguay_2001_VB-1-300x196.jpg 300w, https:\/\/kasaloka.com\/wp-content\/uploads\/2023\/08\/005_Viaje_Uruguay_2001_VB-1-1024x670.jpg 1024w, https:\/\/kasaloka.com\/wp-content\/uploads\/2023\/08\/005_Viaje_Uruguay_2001_VB-1-768x503.jpg 768w, https:\/\/kasaloka.com\/wp-content\/uploads\/2023\/08\/005_Viaje_Uruguay_2001_VB-1-1536x1006.jpg 1536w\" sizes=\"auto, (max-width: 1920px) 100vw, 1920px\" \/><\/a><\/figure><div class=\"elementor-image-box-content\"><h3 class=\"elementor-image-box-title\"><a href=\"https:\/\/kasaloka.com\/index.php\/viaja\/\">Viaja, sue\u00f1o, viaja<\/a><\/h3><p class=\"elementor-image-box-description\">El archivo da cuenta de un movimiento internacionalista, de la difusi\u00f3n de las ideas y de la camarader\u00eda, posibles gracias a la solidaridad anarquista y punk en distintas geograf\u00edas, previo a la expansi\u00f3n de Internet.<\/p><\/div><\/div>\t\t<\/div>\n\t\t\t\t<\/div>\n\t\t\t\t<div class=\"elementor-element elementor-element-d7402e8 elementor-widget-divider--view-line elementor-widget elementor-widget-divider\" data-id=\"d7402e8\" data-element_type=\"widget\" data-widget_type=\"divider.default\">\n\t\t\t\t<div class=\"elementor-widget-container\">\n\t\t\t\t\t<div class=\"elementor-divider\">\n\t\t\t<span class=\"elementor-divider-separator\">\n\t\t\t\t\t\t<\/span>\n\t\t<\/div>\n\t\t\t\t<\/div>\n\t\t\t\t<\/div>\n\t\t\t\t\t<\/div>\n\t\t<\/div>\n\t\t\t\t\t\t\t<\/div>\n\t\t<\/section>\n\t\t\t\t<section class=\"elementor-section elementor-top-section elementor-element elementor-element-df3aa27 elementor-section-boxed elementor-section-height-default elementor-section-height-default\" data-id=\"df3aa27\" data-element_type=\"section\">\n\t\t\t\t\t\t<div class=\"elementor-container elementor-column-gap-default\">\n\t\t\t\t\t<div class=\"elementor-column elementor-col-50 elementor-top-column elementor-element elementor-element-6d21477\" data-id=\"6d21477\" data-element_type=\"column\">\n\t\t\t<div class=\"elementor-widget-wrap elementor-element-populated\">\n\t\t\t\t\t\t\t\t<div class=\"elementor-element elementor-element-e41fa10 elementor-position-top elementor-vertical-align-top elementor-widget elementor-widget-image-box\" data-id=\"e41fa10\" data-element_type=\"widget\" data-widget_type=\"image-box.default\">\n\t\t\t\t<div class=\"elementor-widget-container\">\n\t\t\t<div class=\"elementor-image-box-wrapper\"><figure class=\"elementor-image-box-img\"><a href=\"https:\/\/kasaloka.com\/index.php\/luchas-por-la-memoria-memoria-de-la-lucha\/\"><img loading=\"lazy\" decoding=\"async\" width=\"1920\" height=\"1368\" src=\"https:\/\/kasaloka.com\/wp-content\/uploads\/2023\/09\/0004_Escrache_MadresDePlazaDeMayo_Argentina_CABA_2001_KL.jpg\" class=\"elementor-animation-rotate attachment-full size-full wp-image-1025\" alt=\"\" srcset=\"https:\/\/kasaloka.com\/wp-content\/uploads\/2023\/09\/0004_Escrache_MadresDePlazaDeMayo_Argentina_CABA_2001_KL.jpg 1920w, https:\/\/kasaloka.com\/wp-content\/uploads\/2023\/09\/0004_Escrache_MadresDePlazaDeMayo_Argentina_CABA_2001_KL-300x214.jpg 300w, https:\/\/kasaloka.com\/wp-content\/uploads\/2023\/09\/0004_Escrache_MadresDePlazaDeMayo_Argentina_CABA_2001_KL-1024x730.jpg 1024w, https:\/\/kasaloka.com\/wp-content\/uploads\/2023\/09\/0004_Escrache_MadresDePlazaDeMayo_Argentina_CABA_2001_KL-768x547.jpg 768w, https:\/\/kasaloka.com\/wp-content\/uploads\/2023\/09\/0004_Escrache_MadresDePlazaDeMayo_Argentina_CABA_2001_KL-1536x1094.jpg 1536w\" sizes=\"auto, (max-width: 1920px) 100vw, 1920px\" \/><\/a><\/figure><div class=\"elementor-image-box-content\"><h3 class=\"elementor-image-box-title\"><a href=\"https:\/\/kasaloka.com\/index.php\/luchas-por-la-memoria-memoria-de-la-lucha\/\">Memoria de la lucha<\/a><\/h3><p class=\"elementor-image-box-description\">A 50 a\u00f1os de la Dictadura C\u00edvico Militar Argentina, iniciada en 1976, reunimos una serie de fotograf\u00edas que conforman los distintos fondos del Archivo, con el objetivo de conmemorar la lucha por la memoria y la verdad. Nuestro registro es parte de la un largo camino recorrido por Madres, Abuelas e HIJOS. A fines de la d\u00e9cada de los a\u00f1os 90 \"el escrache\" fue una modalidad de acci\u00f3n directa y de condena social a los genocidas impunes y sus c\u00f3mplices.<\/p><\/div><\/div>\t\t<\/div>\n\t\t\t\t<\/div>\n\t\t\t\t<div class=\"elementor-element elementor-element-7afa124 elementor-widget-divider--view-line elementor-widget elementor-widget-divider\" data-id=\"7afa124\" data-element_type=\"widget\" data-widget_type=\"divider.default\">\n\t\t\t\t<div class=\"elementor-widget-container\">\n\t\t\t\t\t<div class=\"elementor-divider\">\n\t\t\t<span class=\"elementor-divider-separator\">\n\t\t\t\t\t\t<\/span>\n\t\t<\/div>\n\t\t\t\t<\/div>\n\t\t\t\t<\/div>\n\t\t\t\t\t<\/div>\n\t\t<\/div>\n\t\t\t\t<div class=\"elementor-column elementor-col-50 elementor-top-column elementor-element elementor-element-ac8098d\" data-id=\"ac8098d\" data-element_type=\"column\">\n\t\t\t<div class=\"elementor-widget-wrap\">\n\t\t\t\t\t\t\t\t\t<\/div>\n\t\t<\/div>\n\t\t\t\t\t\t\t<\/div>\n\t\t<\/section>\n\t\t\t\t\t\t\t<\/div>\n\t\t","protected":false},"excerpt":{"rendered":"<p>No somos lo que te esperas Entre&nbsp;casas okupadas, centros sociales y actividades en el espacio p\u00fablico, la serie narra la<\/p>\n","protected":false},"author":1,"featured_media":897,"parent":0,"menu_order":0,"comment_status":"closed","ping_status":"closed","template":"","meta":{"footnotes":""},"class_list":["post-231","page","type-page","status-publish","has-post-thumbnail","hentry"],"_links":{"self":[{"href":"https:\/\/kasaloka.com\/index.php\/wp-json\/wp\/v2\/pages\/231","targetHints":{"allow":["GET"]}}],"collection":[{"href":"https:\/\/kasaloka.com\/index.php\/wp-json\/wp\/v2\/pages"}],"about":[{"href":"https:\/\/kasaloka.com\/index.php\/wp-json\/wp\/v2\/types\/page"}],"author":[{"embeddable":true,"href":"https:\/\/kasaloka.com\/index.php\/wp-json\/wp\/v2\/users\/1"}],"replies":[{"embeddable":true,"href":"https:\/\/kasaloka.com\/index.php\/wp-json\/wp\/v2\/comments?post=231"}],"version-history":[{"count":107,"href":"https:\/\/kasaloka.com\/index.php\/wp-json\/wp\/v2\/pages\/231\/revisions"}],"predecessor-version":[{"id":3569,"href":"https:\/\/kasaloka.com\/index.php\/wp-json\/wp\/v2\/pages\/231\/revisions\/3569"}],"wp:featuredmedia":[{"embeddable":true,"href":"https:\/\/kasaloka.com\/index.php\/wp-json\/wp\/v2\/media\/897"}],"wp:attachment":[{"href":"https:\/\/kasaloka.com\/index.php\/wp-json\/wp\/v2\/media?parent=231"}],"curies":[{"name":"wp","href":"https:\/\/api.w.org\/{rel}","templated":true}]}}